{"id":702,"date":"2016-07-06T14:58:56","date_gmt":"2016-07-06T12:58:56","guid":{"rendered":"http:\/\/www.hein-sonner.dk\/?page_id=702"},"modified":"2021-04-13T08:46:15","modified_gmt":"2021-04-13T06:46:15","slug":"hein-soenner-a-s","status":"publish","type":"page","link":"https:\/\/www.hein-sonner.dk\/de\/hein-soenner-a-s\/","title":{"rendered":"Hein &amp; S\u00f8nner A\/S"},"content":{"rendered":"\n[et_pb_section fb_built=&#8220;1&#8243; fullwidth=&#8220;on&#8220; _builder_version=&#8220;3.22&#8243;][et_pb_fullwidth_header title=&#8220;Hein &#038; S\u00f8nner&#8220; text_orientation=&#8220;center&#8220; background_overlay_color=&#8220;rgba(0,0,0,0.31)&#8220; _builder_version=&#8220;3.16&#8243; background_color=&#8220;rgba(255, 255, 255, 0)&#8220; background_image=&#8220;https:\/\/www.hein-sonner.dk\/deutsch\/wp-content\/uploads\/sites\/3\/2016\/07\/produktion_header.jpg&#8220; custom_button_one=&#8220;on&#8220; button_one_text_color=&#8220;#ffffff&#8220; button_one_border_color=&#8220;#ffffff&#8220; button_one_icon_color=&#8220;#ffffff&#8220; custom_button_two=&#8220;on&#8220; button_two_text_color=&#8220;#ffffff&#8220; button_two_border_color=&#8220;#ffffff&#8220; button_two_icon_color=&#8220;#ffffff&#8220; max_width_tablet=&#8220;50px&#8220; custom_css_main_element=&#8220;padding-top:60px;||padding-bottom:60px;&#8220; custom_css_title=&#8220;text-shadow: 0 1px 3px rgba(0, 0, 0, 0.5);&#8220; button_one_text_color_hover=&#8220;#ffffff&#8220; button_two_text_color_hover=&#8220;#ffffff&#8220; button_one_border_color_hover=&#8220;#ffffff&#8220; button_two_border_color_hover=&#8220;#ffffff&#8220; saved_tabs=&#8220;advanced, css&#8220; button_one_text_size__hover_enabled=&#8220;off&#8220; button_two_text_size__hover_enabled=&#8220;off&#8220; button_one_text_color__hover_enabled=&#8220;on&#8220; button_one_text_color__hover=&#8220;#ffffff&#8220; button_two_text_color__hover_enabled=&#8220;on&#8220; button_two_text_color__hover=&#8220;#ffffff&#8220; button_one_border_width__hover_enabled=&#8220;off&#8220; button_two_border_width__hover_enabled=&#8220;off&#8220; button_one_border_color__hover_enabled=&#8220;on&#8220; button_one_border_color__hover=&#8220;#ffffff&#8220; button_two_border_color__hover_enabled=&#8220;on&#8220; button_two_border_color__hover=&#8220;#ffffff&#8220; button_one_border_radius__hover_enabled=&#8220;off&#8220; button_two_border_radius__hover_enabled=&#8220;off&#8220; button_one_letter_spacing__hover_enabled=&#8220;off&#8220; button_two_letter_spacing__hover_enabled=&#8220;off&#8220; button_one_bg_color__hover_enabled=&#8220;off&#8220; button_two_bg_color__hover_enabled=&#8220;off&#8220;][\/et_pb_fullwidth_header][\/et_pb_section][et_pb_section fb_built=&#8220;1&#8243; inner_shadow=&#8220;on&#8220; custom_padding_last_edited=&#8220;on|desktop&#8220; admin_label=&#8220;section&#8220; _builder_version=&#8220;3.22&#8243; background_color=&#8220;#ffffff&#8220; custom_padding_tablet=&#8220;50px|0|50px|0&#8243; custom_padding_phone=&#8220;&#8220; transparent_background=&#8220;off&#8220; padding_mobile=&#8220;off&#8220;][et_pb_row column_structure=&#8220;1_2,1_2&#8243; _builder_version=&#8220;3.25&#8243; background_size=&#8220;initial&#8220; background_position=&#8220;top_left&#8220; background_repeat=&#8220;repeat&#8220;][et_pb_column type=&#8220;1_2&#8243; _builder_version=&#8220;3.25&#8243; custom_padding=&#8220;|||&#8220; custom_padding__hover=&#8220;|||&#8220;][et_pb_text _builder_version=&#8220;3.27.4&#8243; background_size=&#8220;initial&#8220; background_position=&#8220;top_left&#8220; background_repeat=&#8220;repeat&#8220; use_border_color=&#8220;off&#8220;]<h1>Zusammenarbeit<\/h1>\n<p>Die Zusammenarbeit mit Hein &amp; S\u00f8nner A\/S basiert auf Sorgfalt, Qualit\u00e4t und Glaubw\u00fcrdigkeit. F\u00fcr uns ist es wichtig, echte Qualit\u00e4t zum vereinbarten Zeitpunkt zu liefern. Gleichzeitig sind wir bei akutem Bedarf flexibel.<\/p>\n<p>Die richtige Arbeitsumgebung und Sicherheit sind wichtige Parameter f\u00fcr die Lieferung von qualitativ hochwertigen Produkten und dabei unsere wichtigsten Ressourcen zu erhalten \u2013 unsere Mitarbeiter. Die Mitarbeiter bei Hein &amp; S\u00f8nner haben alle eine lange Betriebszugeh\u00f6rigkeit und verf\u00fcgen daher \u00fcber ein gro\u00dfes Wissen, das wir gerne mit unseren Kunden teilen, um die Produktivit\u00e4t zu Gunsten unserer Kunden zu gew\u00e4hrleisten.<\/p>\n<p>Unser Unternehmen wurde 1878 als Motorenfabrik gegr\u00fcndet und liefert seit mehr als 140 Jahren p\u00fcnktlich Qualit\u00e4t.<\/p>[\/et_pb_text][\/et_pb_column][et_pb_column type=&#8220;1_2&#8243; _builder_version=&#8220;3.25&#8243; custom_padding=&#8220;|||&#8220; custom_padding__hover=&#8220;|||&#8220;][et_pb_gallery gallery_ids=&#8220;984&#8243; fullwidth=&#8220;on&#8220; _builder_version=&#8220;3.0.106&#8243; pagination_font_size_tablet=&#8220;51&#8243; pagination_line_height_tablet=&#8220;2&#8243; custom_css_main_element=&#8220;margin-bottom: 10px !important;&#8220; use_border_color=&#8220;off&#8220;]&nbsp;\r[\/et_pb_gallery][et_pb_cta title=&#8220;Kontaktieren Sie uns&#8220; button_url=&#8220;\/kontakt-os\/&#8220; button_text=&#8220;Rufen Sie an oder schreiben Sie uns!&#8220; disabled_on=&#8220;off|off|off&#8220; _builder_version=&#8220;4.6.6&#8243; background_size=&#8220;initial&#8220; background_position=&#8220;top_left&#8220; background_repeat=&#8220;repeat&#8220; custom_button=&#8220;on&#8220; button_text_color=&#8220;#ffffff&#8220; button_bg_color=&#8220;rgba(0,0,0,0)&#8220; button_border_color=&#8220;#ffffff&#8220; button_icon_color=&#8220;#ffffff&#8220; text_orientation=&#8220;left&#8220; use_border_color=&#8220;off&#8220; button_text_color_hover=&#8220;#ffffff&#8220; button_border_color_hover=&#8220;#ffffff&#8220; button_text_size__hover_enabled=&#8220;off&#8220; button_one_text_size__hover_enabled=&#8220;off&#8220; button_two_text_size__hover_enabled=&#8220;off&#8220; button_text_color__hover_enabled=&#8220;on&#8220; button_text_color__hover=&#8220;#ffffff&#8220; button_one_text_color__hover_enabled=&#8220;off&#8220; button_two_text_color__hover_enabled=&#8220;off&#8220; button_border_width__hover_enabled=&#8220;off&#8220; button_one_border_width__hover_enabled=&#8220;off&#8220; button_two_border_width__hover_enabled=&#8220;off&#8220; button_border_color__hover_enabled=&#8220;on&#8220; button_border_color__hover=&#8220;#ffffff&#8220; button_one_border_color__hover_enabled=&#8220;off&#8220; button_two_border_color__hover_enabled=&#8220;off&#8220; button_border_radius__hover_enabled=&#8220;off&#8220; button_one_border_radius__hover_enabled=&#8220;off&#8220; button_two_border_radius__hover_enabled=&#8220;off&#8220; button_letter_spacing__hover_enabled=&#8220;off&#8220; button_one_letter_spacing__hover_enabled=&#8220;off&#8220; button_two_letter_spacing__hover_enabled=&#8220;off&#8220; button_bg_color__hover_enabled=&#8220;off&#8220; button_one_bg_color__hover_enabled=&#8220;off&#8220; button_two_bg_color__hover_enabled=&#8220;off&#8220;]<p>Wollen Sie mehr \u00fcber Hein &amp; S\u00f8nner A\/S und unseren wettbewerbsf\u00e4higen Service erfahren, dann melden Sie sich bei Martin Stapelfeld oder Kurt Stilling unter<br \/> <strong>0045 86 42 92 66<\/strong>.<\/p>[\/et_pb_cta][\/et_pb_column][\/et_pb_row][\/et_pb_section][et_pb_section fb_built=&#8220;1&#8243; inner_shadow=&#8220;on&#8220; custom_padding_last_edited=&#8220;on|desktop&#8220; disabled_on=&#8220;off|off|off&#8220; admin_label=&#8220;section&#8220; _builder_version=&#8220;3.22&#8243; background_color=&#8220;#ededed&#8220; custom_padding_tablet=&#8220;50px|0|50px|0&#8243; custom_padding_phone=&#8220;&#8220; transparent_background=&#8220;off&#8220; padding_mobile=&#8220;off&#8220;][et_pb_row column_structure=&#8220;1_2,1_2&#8243; _builder_version=&#8220;3.25&#8243; background_size=&#8220;initial&#8220; background_position=&#8220;top_left&#8220; background_repeat=&#8220;repeat&#8220;][et_pb_column type=&#8220;1_2&#8243; _builder_version=&#8220;3.25&#8243; custom_padding=&#8220;|||&#8220; custom_padding__hover=&#8220;|||&#8220;][et_pb_gallery gallery_ids=&#8220;799&#8243; fullwidth=&#8220;on&#8220; _builder_version=&#8220;3.0.106&#8243; pagination_font_size_tablet=&#8220;51&#8243; pagination_line_height_tablet=&#8220;2&#8243; use_border_color=&#8220;off&#8220;]&nbsp;\r[\/et_pb_gallery][\/et_pb_column][et_pb_column type=&#8220;1_2&#8243; _builder_version=&#8220;3.25&#8243; custom_padding=&#8220;|||&#8220; custom_padding__hover=&#8220;|||&#8220;][et_pb_text _builder_version=&#8220;3.27.4&#8243; background_size=&#8220;initial&#8220; background_position=&#8220;top_left&#8220; background_repeat=&#8220;repeat&#8220; custom_margin=&#8220;||&#8220; use_border_color=&#8220;off&#8220;]<h1>\u00dcber uns<\/h1>\n<p>Hein &amp; S\u00f8nner A\/S hat sehr gro\u00dfe Erfahrung bei der Herstellung von Qualit\u00e4tsprodukten. Das Unternehmen ist spezialisiert in der zerspanenden Bearbeitung und wir beherrschen alle maschinenbaulichen Prozesse.<\/p>\n<p>Seit der Unternehmensgr\u00fcndung im Jahr 1878 (als Motorenfabrik) haben wir uns heute zu einem modernen und zukunftsorientierten Auftragsunternehmen entwickelt.<\/p>\n<p>Die Kombination von Erfahrung, kompetenten Mitarbeitern und ein hohes Qualit\u00e4tsbewusstsein erm\u00f6glicht uns bei Hein &amp; S\u00f8nner A\/S, Qualit\u00e4t zu wettbewerbsf\u00e4higen Preisen zu liefern. Planung und Flexibilit\u00e4t haben bei uns hohen Stellenwert.<\/p>\n<p>Daher k\u00f6nnen wir hohe Liefersicherheit kombiniert mit kurzer Lieferzeit anbieten.<\/p>[\/et_pb_text][et_pb_text _builder_version=&#8220;4.6.6&#8243; background_size=&#8220;initial&#8220; background_position=&#8220;top_left&#8220; background_repeat=&#8220;repeat&#8220; hover_enabled=&#8220;0&#8243; use_border_color=&#8220;off&#8220; sticky_enabled=&#8220;0&#8243;]<p>Die Kombination aus Erfahrung, gutem, stabilem und qualifiziertem Personal, Ordnung und Ordnung bedeutet, dass wir bei Hein &amp; S\u00f8nner A \/ S Qualit\u00e4t zu wettbewerbsf\u00e4higen Preisen liefern. Planung und Flexibilit\u00e4t haben bei uns einen hohen Stellenwert und daher k\u00f6nnen wir eine hohe Liefersicherheit bei gleichzeitig kurzen Lieferzeiten bieten.<\/p>\n[\/et_pb_text][\/et_pb_column][\/et_pb_row][\/et_pb_section]\n","protected":false},"excerpt":{"rendered":"<p>Zusammenarbeit Die Zusammenarbeit mit Hein &amp; S\u00f8nner A\/S basiert auf Sorgfalt, Qualit\u00e4t und Glaubw\u00fcrdigkeit. F\u00fcr uns ist es wichtig, echte Qualit\u00e4t zum vereinbarten Zeitpunkt zu liefern. Gleichzeitig sind wir bei akutem Bedarf flexibel. Die richtige Arbeitsumgebung und Sicherheit sind wichtige Parameter f\u00fcr die Lieferung von qualitativ hochwertigen Produkten und dabei unsere wichtigsten Ressourcen zu erhalten [&hellip;]<\/p>\n","protected":false},"author":12,"featured_media":0,"parent":0,"menu_order":0,"comment_status":"closed","ping_status":"closed","template":"","meta":{"_et_pb_use_builder":"on","_et_pb_old_content":"","_et_gb_content_width":"","footnotes":""},"class_list":["post-702","page","type-page","status-publish","hentry"],"yoast_head":"<!-- This site is optimized with the Yoast SEO plugin v27.4 - https:\/\/yoast.com\/product\/yoast-seo-wordpress\/ -->\n<title>Hein &amp; S\u00f8nner A\/S - Hein &amp; S\u00f8nner A\/S<\/title>\n<meta name=\"robots\" content=\"index, follow, max-snippet:-1, max-image-preview:large, max-video-preview:-1\" \/>\n<link rel=\"canonical\" href=\"https:\/\/www.hein-sonner.dk\/de\/hein-soenner-a-s\/\" \/>\n<meta property=\"og:locale\" content=\"de_DE\" \/>\n<meta property=\"og:type\" content=\"article\" \/>\n<meta property=\"og:title\" content=\"Hein &amp; S\u00f8nner A\/S - Hein &amp; S\u00f8nner A\/S\" \/>\n<meta property=\"og:description\" content=\"Zusammenarbeit Die Zusammenarbeit mit Hein &amp; S\u00f8nner A\/S basiert auf Sorgfalt, Qualit\u00e4t und Glaubw\u00fcrdigkeit. F\u00fcr uns ist es wichtig, echte Qualit\u00e4t zum vereinbarten Zeitpunkt zu liefern. Gleichzeitig sind wir bei akutem Bedarf flexibel. Die richtige Arbeitsumgebung und Sicherheit sind wichtige Parameter f\u00fcr die Lieferung von qualitativ hochwertigen Produkten und dabei unsere wichtigsten Ressourcen zu erhalten [&hellip;]\" \/>\n<meta property=\"og:url\" content=\"https:\/\/www.hein-sonner.dk\/de\/hein-soenner-a-s\/\" \/>\n<meta property=\"og:site_name\" content=\"Hein &amp; S\u00f8nner A\/S\" \/>\n<meta property=\"article:modified_time\" content=\"2021-04-13T06:46:15+00:00\" \/>\n<meta name=\"twitter:card\" content=\"summary_large_image\" \/>\n<meta name=\"twitter:label1\" content=\"Gesch\u00e4tzte Lesezeit\" \/>\n\t<meta name=\"twitter:data1\" content=\"3\u00a0Minuten\" \/>\n<script type=\"application\/ld+json\" class=\"yoast-schema-graph\">{\"@context\":\"https:\\\/\\\/schema.org\",\"@graph\":[{\"@type\":\"WebPage\",\"@id\":\"https:\\\/\\\/www.hein-sonner.dk\\\/de\\\/hein-soenner-a-s\\\/\",\"url\":\"https:\\\/\\\/www.hein-sonner.dk\\\/de\\\/hein-soenner-a-s\\\/\",\"name\":\"Hein &amp; S\u00f8nner A\\\/S - Hein &amp; S\u00f8nner A\\\/S\",\"isPartOf\":{\"@id\":\"https:\\\/\\\/www.hein-sonner.dk\\\/de\\\/#website\"},\"datePublished\":\"2016-07-06T12:58:56+00:00\",\"dateModified\":\"2021-04-13T06:46:15+00:00\",\"breadcrumb\":{\"@id\":\"https:\\\/\\\/www.hein-sonner.dk\\\/de\\\/hein-soenner-a-s\\\/#breadcrumb\"},\"inLanguage\":\"de\",\"potentialAction\":[{\"@type\":\"ReadAction\",\"target\":[\"https:\\\/\\\/www.hein-sonner.dk\\\/de\\\/hein-soenner-a-s\\\/\"]}]},{\"@type\":\"BreadcrumbList\",\"@id\":\"https:\\\/\\\/www.hein-sonner.dk\\\/de\\\/hein-soenner-a-s\\\/#breadcrumb\",\"itemListElement\":[{\"@type\":\"ListItem\",\"position\":1,\"name\":\"Hjem\",\"item\":\"https:\\\/\\\/www.hein-sonner.dk\\\/de\\\/\"},{\"@type\":\"ListItem\",\"position\":2,\"name\":\"Hein &amp; S\u00f8nner A\\\/S\"}]},{\"@type\":\"WebSite\",\"@id\":\"https:\\\/\\\/www.hein-sonner.dk\\\/de\\\/#website\",\"url\":\"https:\\\/\\\/www.hein-sonner.dk\\\/de\\\/\",\"name\":\"Hein &amp; S\u00f8nner A\\\/S\",\"description\":\"\",\"potentialAction\":[{\"@type\":\"SearchAction\",\"target\":{\"@type\":\"EntryPoint\",\"urlTemplate\":\"https:\\\/\\\/www.hein-sonner.dk\\\/de\\\/?s={search_term_string}\"},\"query-input\":{\"@type\":\"PropertyValueSpecification\",\"valueRequired\":true,\"valueName\":\"search_term_string\"}}],\"inLanguage\":\"de\"}]}<\/script>\n<!-- \/ Yoast SEO plugin. -->","yoast_head_json":{"title":"Hein &amp; S\u00f8nner A\/S - Hein &amp; S\u00f8nner A\/S","robots":{"index":"index","follow":"follow","max-snippet":"max-snippet:-1","max-image-preview":"max-image-preview:large","max-video-preview":"max-video-preview:-1"},"canonical":"https:\/\/www.hein-sonner.dk\/de\/hein-soenner-a-s\/","og_locale":"de_DE","og_type":"article","og_title":"Hein &amp; S\u00f8nner A\/S - Hein &amp; S\u00f8nner A\/S","og_description":"Zusammenarbeit Die Zusammenarbeit mit Hein &amp; S\u00f8nner A\/S basiert auf Sorgfalt, Qualit\u00e4t und Glaubw\u00fcrdigkeit. F\u00fcr uns ist es wichtig, echte Qualit\u00e4t zum vereinbarten Zeitpunkt zu liefern. Gleichzeitig sind wir bei akutem Bedarf flexibel. Die richtige Arbeitsumgebung und Sicherheit sind wichtige Parameter f\u00fcr die Lieferung von qualitativ hochwertigen Produkten und dabei unsere wichtigsten Ressourcen zu erhalten [&hellip;]","og_url":"https:\/\/www.hein-sonner.dk\/de\/hein-soenner-a-s\/","og_site_name":"Hein &amp; S\u00f8nner A\/S","article_modified_time":"2021-04-13T06:46:15+00:00","twitter_card":"summary_large_image","twitter_misc":{"Gesch\u00e4tzte Lesezeit":"3\u00a0Minuten"},"schema":{"@context":"https:\/\/schema.org","@graph":[{"@type":"WebPage","@id":"https:\/\/www.hein-sonner.dk\/de\/hein-soenner-a-s\/","url":"https:\/\/www.hein-sonner.dk\/de\/hein-soenner-a-s\/","name":"Hein &amp; S\u00f8nner A\/S - Hein &amp; S\u00f8nner A\/S","isPartOf":{"@id":"https:\/\/www.hein-sonner.dk\/de\/#website"},"datePublished":"2016-07-06T12:58:56+00:00","dateModified":"2021-04-13T06:46:15+00:00","breadcrumb":{"@id":"https:\/\/www.hein-sonner.dk\/de\/hein-soenner-a-s\/#breadcrumb"},"inLanguage":"de","potentialAction":[{"@type":"ReadAction","target":["https:\/\/www.hein-sonner.dk\/de\/hein-soenner-a-s\/"]}]},{"@type":"BreadcrumbList","@id":"https:\/\/www.hein-sonner.dk\/de\/hein-soenner-a-s\/#breadcrumb","itemListElement":[{"@type":"ListItem","position":1,"name":"Hjem","item":"https:\/\/www.hein-sonner.dk\/de\/"},{"@type":"ListItem","position":2,"name":"Hein &amp; S\u00f8nner A\/S"}]},{"@type":"WebSite","@id":"https:\/\/www.hein-sonner.dk\/de\/#website","url":"https:\/\/www.hein-sonner.dk\/de\/","name":"Hein &amp; S\u00f8nner A\/S","description":"","potentialAction":[{"@type":"SearchAction","target":{"@type":"EntryPoint","urlTemplate":"https:\/\/www.hein-sonner.dk\/de\/?s={search_term_string}"},"query-input":{"@type":"PropertyValueSpecification","valueRequired":true,"valueName":"search_term_string"}}],"inLanguage":"de"}]}},"_links":{"self":[{"href":"https:\/\/www.hein-sonner.dk\/de\/wp-json\/wp\/v2\/pages\/702","targetHints":{"allow":["GET"]}}],"collection":[{"href":"https:\/\/www.hein-sonner.dk\/de\/wp-json\/wp\/v2\/pages"}],"about":[{"href":"https:\/\/www.hein-sonner.dk\/de\/wp-json\/wp\/v2\/types\/page"}],"author":[{"embeddable":true,"href":"https:\/\/www.hein-sonner.dk\/de\/wp-json\/wp\/v2\/users\/12"}],"replies":[{"embeddable":true,"href":"https:\/\/www.hein-sonner.dk\/de\/wp-json\/wp\/v2\/comments?post=702"}],"version-history":[{"count":7,"href":"https:\/\/www.hein-sonner.dk\/de\/wp-json\/wp\/v2\/pages\/702\/revisions"}],"predecessor-version":[{"id":1079,"href":"https:\/\/www.hein-sonner.dk\/de\/wp-json\/wp\/v2\/pages\/702\/revisions\/1079"}],"wp:attachment":[{"href":"https:\/\/www.hein-sonner.dk\/de\/wp-json\/wp\/v2\/media?parent=702"}],"curies":[{"name":"wp","href":"https:\/\/api.w.org\/{rel}","templated":true}]}}