{"id":632,"date":"2015-06-11T12:22:26","date_gmt":"2015-06-11T12:22:26","guid":{"rendered":"http:\/\/standard.webudkast.dk\/?page_id=2"},"modified":"2018-11-23T10:55:16","modified_gmt":"2018-11-23T09:55:16","slug":"forside","status":"publish","type":"page","link":"https:\/\/www.hein-sonner.dk\/de\/","title":{"rendered":"Startseite"},"content":{"rendered":"<p>[et_pb_section fb_built=&#8220;1&#8243; fullwidth=&#8220;on&#8220; admin_label=&#8220;section&#8220; _builder_version=&#8220;3.0.74&#8243; background_color=&#8220;rgba(73, 71, 74, 0.69)&#8220; background_video_mp4=&#8220;http:\/\/www.hein-sonner.dk\/deutsch\/wp-content\/uploads\/sites\/3\/2016\/08\/hein_no_sound.mp4&#8243; transparent_background=&#8220;off&#8220; padding_mobile=&#8220;on&#8220;][et_pb_fullwidth_header title=&#8220;Spezialisten f\u00fcr zerspanenden Bearbeitung&#8220; subhead=&#8220;Hein &#038; S\u00f8nner A\/S sind Spezialisten in der zerspanenden Bearbeitung. Erfahrene und qualifizierte Mitarbeiter garantieren Qualit\u00e4tsprodukte zu wettbewerbsf\u00e4higen Preisen.&#8220; text_orientation=&#8220;center&#8220; button_one_text=&#8220;Lesen Sie mehr dazu&#8220; button_one_url=&#8220;\/de\/hein-soenner-a-s\/&#8220; background_overlay_color=&#8220;rgba(0,0,0,0.7)&#8220; _builder_version=&#8220;3.17.6&#8243; title_font_size=&#8220;45px&#8220; background_color=&#8220;rgba(255, 255, 255, 0)&#8220; custom_button_one=&#8220;on&#8220; button_one_text_color=&#8220;#ffffff&#8220; button_one_border_color=&#8220;#ffffff&#8220; button_one_icon_color=&#8220;#ffffff&#8220; max_width_tablet=&#8220;50px&#8220; custom_css_main_element=&#8220;padding: 10px 0;&#8220; custom_css_header_container=&#8220;padding-bottom: 50px;||padding-top: 50px;&#8220; button_one_text_color_hover=&#8220;#ffffff&#8220; button_one_border_color_hover=&#8220;#ffffff&#8220; button_one_text_size__hover_enabled=&#8220;off&#8220; button_two_text_size__hover_enabled=&#8220;off&#8220; button_one_text_color__hover_enabled=&#8220;on&#8220; button_one_text_color__hover=&#8220;#ffffff&#8220; button_two_text_color__hover_enabled=&#8220;off&#8220; button_one_border_width__hover_enabled=&#8220;off&#8220; button_two_border_width__hover_enabled=&#8220;off&#8220; button_one_border_color__hover_enabled=&#8220;on&#8220; button_one_border_color__hover=&#8220;#ffffff&#8220; button_two_border_color__hover_enabled=&#8220;off&#8220; button_one_border_radius__hover_enabled=&#8220;off&#8220; button_two_border_radius__hover_enabled=&#8220;off&#8220; button_one_letter_spacing__hover_enabled=&#8220;off&#8220; button_two_letter_spacing__hover_enabled=&#8220;off&#8220; button_one_bg_color__hover_enabled=&#8220;off&#8220; button_two_bg_color__hover_enabled=&#8220;off&#8220;][\/et_pb_fullwidth_header][\/et_pb_section][et_pb_section fb_built=&#8220;1&#8243; custom_padding_last_edited=&#8220;on|desktop&#8220; admin_label=&#8220;section&#8220; _builder_version=&#8220;3.0.74&#8243; background_color=&#8220;#ffffff&#8220; custom_padding=&#8220;|||&#8220; custom_padding_tablet=&#8220;50px|0|50px|0&#8243; transparent_background=&#8220;off&#8220; padding_mobile=&#8220;off&#8220;][et_pb_row use_custom_gutter=&#8220;on&#8220; custom_padding=&#8220;|&#8220; padding_mobile=&#8220;off&#8220; column_padding_mobile=&#8220;on&#8220; parallax_method_1=&#8220;off&#8220; parallax_method_2=&#8220;off&#8220; parallax_method_3=&#8220;off&#8220; padding_bottom_1=&#8220;0px&#8220; padding_bottom_2=&#8220;0px&#8220; padding_bottom_3=&#8220;0px&#8220; admin_label=&#8220;row&#8220; _builder_version=&#8220;3.0.47&#8243; background_size=&#8220;initial&#8220; background_position=&#8220;top_left&#8220; background_repeat=&#8220;repeat&#8220;][et_pb_column type=&#8220;1_3&#8243; _builder_version=&#8220;3.0.47&#8243; padding_bottom=&#8220;0px&#8220; column_padding_mobile=&#8220;on&#8220; parallax=&#8220;off&#8220; parallax_method=&#8220;off&#8220;][et_pb_image src=&#8220;http:\/\/www.hein-sonner.dk\/deutsch\/wp-content\/uploads\/sites\/3\/2015\/06\/produktion_forside.png&#8220; url=&#8220;\/cnc-drejning\/&#8220; _builder_version=&#8220;3.17.6&#8243; use_border_color=&#8220;off&#8220;]&nbsp;<br \/>\n[\/et_pb_image][et_pb_text admin_label=&#8220;Text (cnc-drejning)&#8220; _builder_version=&#8220;3.17.6&#8243; background_size=&#8220;initial&#8220; background_position=&#8220;top_left&#8220; background_repeat=&#8220;repeat&#8220; custom_margin=&#8220;||0|&#8220; custom_padding=&#8220;||0|&#8220; use_border_color=&#8220;off&#8220;]<\/p>\n<h4>CNC Drehen<\/h4>\n<p>Unser Maschinenpark im Bereich CNC Drehen und Multitasking ist breit gef\u00e4chert, mit der Mazak INTEGREX E-650 H II als gr\u00f6\u00dfte Maschine. Die Maschinen decken Drehdurchmesser bis zu 920 mm und Drehl\u00e4nge bis zu 4.000 mm ab.<\/p>\n<p>[\/et_pb_text][et_pb_cta button_url=&#8220;\/cnc-drejning\/&#8220; button_text=&#8220;Lesen Sie meh dazu&#8220; admin_label=&#8220;Opfordring Til Handling (L\u00e6s mere knap)&#8220; _builder_version=&#8220;3.17.6&#8243; use_background_color=&#8220;off&#8220; background_size=&#8220;initial&#8220; background_position=&#8220;top_left&#8220; background_repeat=&#8220;repeat&#8220; custom_button=&#8220;on&#8220; button_text_color=&#8220;#0861a0&#8243; button_bg_color=&#8220;#ffffff&#8220; button_border_color=&#8220;#ffffff&#8220; button_icon=&#8220;%%28%%&#8220; button_icon_color=&#8220;#0861a0&#8243; button_icon_placement=&#8220;left&#8220; button_on_hover=&#8220;off&#8220; text_orientation=&#8220;left&#8220; background_layout=&#8220;light&#8220; custom_css_promo_description=&#8220;padding-bottom:0;&#8220; use_border_color=&#8220;off&#8220; button_text_color_hover=&#8220;#0861a0&#8243; button_border_color_hover=&#8220;#ffffff&#8220; button_bg_color_hover=&#8220;#ffffff&#8220; button_text_size__hover_enabled=&#8220;off&#8220; button_one_text_size__hover_enabled=&#8220;off&#8220; button_two_text_size__hover_enabled=&#8220;off&#8220; button_text_color__hover_enabled=&#8220;on&#8220; button_text_color__hover=&#8220;#0861a0&#8243; button_one_text_color__hover_enabled=&#8220;off&#8220; button_two_text_color__hover_enabled=&#8220;off&#8220; button_border_width__hover_enabled=&#8220;off&#8220; button_one_border_width__hover_enabled=&#8220;off&#8220; button_two_border_width__hover_enabled=&#8220;off&#8220; button_border_color__hover_enabled=&#8220;on&#8220; button_border_color__hover=&#8220;#ffffff&#8220; button_one_border_color__hover_enabled=&#8220;off&#8220; button_two_border_color__hover_enabled=&#8220;off&#8220; button_border_radius__hover_enabled=&#8220;off&#8220; button_one_border_radius__hover_enabled=&#8220;off&#8220; button_two_border_radius__hover_enabled=&#8220;off&#8220; button_letter_spacing__hover_enabled=&#8220;off&#8220; button_one_letter_spacing__hover_enabled=&#8220;off&#8220; button_two_letter_spacing__hover_enabled=&#8220;off&#8220; button_bg_color__hover_enabled=&#8220;on&#8220; button_bg_color__hover=&#8220;#ffffff&#8220; button_one_bg_color__hover_enabled=&#8220;off&#8220; button_two_bg_color__hover_enabled=&#8220;off&#8220;][\/et_pb_cta][\/et_pb_column][et_pb_column type=&#8220;1_3&#8243; _builder_version=&#8220;3.0.47&#8243; padding_bottom=&#8220;0px&#8220; column_padding_mobile=&#8220;on&#8220; parallax=&#8220;off&#8220; parallax_method=&#8220;off&#8220;][et_pb_image src=&#8220;http:\/\/www.hein-sonner.dk\/deutsch\/wp-content\/uploads\/sites\/3\/2015\/06\/cnc_fraesning_forside.png&#8220; url=&#8220;\/cnc-fraesning\/&#8220; _builder_version=&#8220;3.0.106&#8243; use_border_color=&#8220;off&#8220;]&nbsp;<br \/>\n[\/et_pb_image][et_pb_text admin_label=&#8220;Text (cnc-milling)&#8220; _builder_version=&#8220;3.17.6&#8243; background_size=&#8220;initial&#8220; background_position=&#8220;top_left&#8220; background_repeat=&#8220;repeat&#8220; custom_margin=&#8220;||0|&#8220; custom_padding=&#8220;||0|&#8220; use_border_color=&#8220;off&#8220;]<\/p>\n<h4>CNC Fr\u00e4sen<\/h4>\n<p>Beim Fr\u00e4sen k\u00f6nnen wir mit der AXA VHC 50-3000 M als fortschrittlichste Maschine in einer Anordnung drehen und fr\u00e4sen[RPP1]\u00a0. Wir bearbeiten Werkst\u00fccke bis zu 4 Tonnen und einem maximalen Durchmesser von 1.500 mm.<\/p>\n<p>[\/et_pb_text][et_pb_cta button_url=&#8220;\/cnc-fraesning\/&#8220; button_text=&#8220;Lesen Sie mehr dazu&#8220; admin_label=&#8220;Opfordring Til Handling (L\u00e6s mere knap)&#8220; _builder_version=&#8220;3.17.6&#8243; use_background_color=&#8220;off&#8220; background_size=&#8220;initial&#8220; background_position=&#8220;top_left&#8220; background_repeat=&#8220;repeat&#8220; custom_button=&#8220;on&#8220; button_text_color=&#8220;#0861a0&#8243; button_bg_color=&#8220;#ffffff&#8220; button_border_color=&#8220;#ffffff&#8220; button_icon=&#8220;%%28%%&#8220; button_icon_color=&#8220;#0861a0&#8243; button_icon_placement=&#8220;left&#8220; button_on_hover=&#8220;off&#8220; text_orientation=&#8220;left&#8220; background_layout=&#8220;light&#8220; custom_css_promo_description=&#8220;padding-bottom:0;&#8220; use_border_color=&#8220;off&#8220; button_text_color_hover=&#8220;#0861a0&#8243; button_border_color_hover=&#8220;#ffffff&#8220; button_bg_color_hover=&#8220;#ffffff&#8220; button_text_size__hover_enabled=&#8220;off&#8220; button_one_text_size__hover_enabled=&#8220;off&#8220; button_two_text_size__hover_enabled=&#8220;off&#8220; button_text_color__hover_enabled=&#8220;on&#8220; button_text_color__hover=&#8220;#0861a0&#8243; button_one_text_color__hover_enabled=&#8220;off&#8220; button_two_text_color__hover_enabled=&#8220;off&#8220; button_border_width__hover_enabled=&#8220;off&#8220; button_one_border_width__hover_enabled=&#8220;off&#8220; button_two_border_width__hover_enabled=&#8220;off&#8220; button_border_color__hover_enabled=&#8220;on&#8220; button_border_color__hover=&#8220;#ffffff&#8220; button_one_border_color__hover_enabled=&#8220;off&#8220; button_two_border_color__hover_enabled=&#8220;off&#8220; button_border_radius__hover_enabled=&#8220;off&#8220; button_one_border_radius__hover_enabled=&#8220;off&#8220; button_two_border_radius__hover_enabled=&#8220;off&#8220; button_letter_spacing__hover_enabled=&#8220;off&#8220; button_one_letter_spacing__hover_enabled=&#8220;off&#8220; button_two_letter_spacing__hover_enabled=&#8220;off&#8220; button_bg_color__hover_enabled=&#8220;on&#8220; button_bg_color__hover=&#8220;#ffffff&#8220; button_one_bg_color__hover_enabled=&#8220;off&#8220; button_two_bg_color__hover_enabled=&#8220;off&#8220;][\/et_pb_cta][\/et_pb_column][et_pb_column type=&#8220;1_3&#8243; _builder_version=&#8220;3.0.47&#8243; padding_bottom=&#8220;0px&#8220; column_padding_mobile=&#8220;on&#8220; parallax=&#8220;off&#8220; parallax_method=&#8220;off&#8220;][et_pb_image src=&#8220;http:\/\/www.hein-sonner.dk\/deutsch\/wp-content\/uploads\/sites\/3\/2015\/06\/cnc_drejning_2_forside.png&#8220; url=&#8220;\/hein-soenner-a-s\/&#8220; _builder_version=&#8220;3.0.106&#8243; use_border_color=&#8220;off&#8220;]&nbsp;<br \/>\n[\/et_pb_image][et_pb_text admin_label=&#8220;Text (Cooperation)&#8220; _builder_version=&#8220;3.17.6&#8243; background_size=&#8220;initial&#8220; background_position=&#8220;top_left&#8220; background_repeat=&#8220;repeat&#8220; custom_margin=&#8220;||0|&#8220; custom_padding=&#8220;||0|&#8220; use_border_color=&#8220;off&#8220;]<\/p>\n<h4>Zusammenarbeit<\/h4>\n<p>Die Zusammenarbeit mit Hein &amp; S\u00f8nner basiert auf Sorgfalt, Qualit\u00e4t und Glaubw\u00fcrdigkeit[RPP1]\u00a0. F\u00fcr uns ist es wichtig, echte Qualit\u00e4t zum vereinbarten Zeitpunkt zu liefern. Gleichzeitig sind wir bei [RPP2]\u00a0akutem Bedarf flexibel.<\/p>\n<p>[\/et_pb_text][et_pb_cta button_url=&#8220;\/hein-soenner-a-s\/&#8220; button_text=&#8220;Lesen Sie mehr dazu&#8220; admin_label=&#8220;Opfordring Til Handling (L\u00e6s mere knap)&#8220; _builder_version=&#8220;3.17.6&#8243; use_background_color=&#8220;off&#8220; background_size=&#8220;initial&#8220; background_position=&#8220;top_left&#8220; background_repeat=&#8220;repeat&#8220; custom_button=&#8220;on&#8220; button_text_color=&#8220;#0861a0&#8243; button_bg_color=&#8220;#ffffff&#8220; button_border_color=&#8220;#ffffff&#8220; button_icon=&#8220;%%28%%&#8220; button_icon_color=&#8220;#0861a0&#8243; button_icon_placement=&#8220;left&#8220; button_on_hover=&#8220;off&#8220; text_orientation=&#8220;left&#8220; background_layout=&#8220;light&#8220; custom_css_promo_description=&#8220;padding-bottom:0;&#8220; use_border_color=&#8220;off&#8220; button_text_color_hover=&#8220;#0861a0&#8243; button_border_color_hover=&#8220;#ffffff&#8220; button_bg_color_hover=&#8220;#ffffff&#8220; button_text_size__hover_enabled=&#8220;off&#8220; button_one_text_size__hover_enabled=&#8220;off&#8220; button_two_text_size__hover_enabled=&#8220;off&#8220; button_text_color__hover_enabled=&#8220;on&#8220; button_text_color__hover=&#8220;#0861a0&#8243; button_one_text_color__hover_enabled=&#8220;off&#8220; button_two_text_color__hover_enabled=&#8220;off&#8220; button_border_width__hover_enabled=&#8220;off&#8220; button_one_border_width__hover_enabled=&#8220;off&#8220; button_two_border_width__hover_enabled=&#8220;off&#8220; button_border_color__hover_enabled=&#8220;on&#8220; button_border_color__hover=&#8220;#ffffff&#8220; button_one_border_color__hover_enabled=&#8220;off&#8220; button_two_border_color__hover_enabled=&#8220;off&#8220; button_border_radius__hover_enabled=&#8220;off&#8220; button_one_border_radius__hover_enabled=&#8220;off&#8220; button_two_border_radius__hover_enabled=&#8220;off&#8220; button_letter_spacing__hover_enabled=&#8220;off&#8220; button_one_letter_spacing__hover_enabled=&#8220;off&#8220; button_two_letter_spacing__hover_enabled=&#8220;off&#8220; button_bg_color__hover_enabled=&#8220;on&#8220; button_bg_color__hover=&#8220;#ffffff&#8220; button_one_bg_color__hover_enabled=&#8220;off&#8220; button_two_bg_color__hover_enabled=&#8220;off&#8220;][\/et_pb_cta][\/et_pb_column][\/et_pb_row][\/et_pb_section][et_pb_section fb_built=&#8220;1&#8243; fullwidth=&#8220;on&#8220; admin_label=&#8220;section&#8220; _builder_version=&#8220;3.0.106&#8243; background_color=&#8220;rgba(73, 71, 74, 0.69)&#8220; background_image=&#8220;http:\/\/www.hein-sonner.dk\/deutsch\/wp-content\/uploads\/sites\/3\/2018\/03\/Citat.jpg&#8220; custom_padding=&#8220;150px|0px|150px|0px&#8220;][et_pb_fullwidth_header text_orientation=&#8220;center&#8220; background_overlay_color=&#8220;rgba(0,0,0,0)&#8220; _builder_version=&#8220;3.16&#8243; title_font_size=&#8220;45px&#8220; background_color=&#8220;rgba(255, 255, 255, 0)&#8220; custom_button_one=&#8220;on&#8220; button_one_text_color=&#8220;#ffffff&#8220; button_one_border_color=&#8220;#ffffff&#8220; button_one_icon_color=&#8220;#ffffff&#8220; max_width_tablet=&#8220;50px&#8220; button_one_text_color_hover=&#8220;#ffffff&#8220; button_one_border_color_hover=&#8220;#ffffff&#8220; button_one_text_size__hover_enabled=&#8220;off&#8220; button_two_text_size__hover_enabled=&#8220;off&#8220; button_one_text_color__hover_enabled=&#8220;on&#8220; button_one_text_color__hover=&#8220;#ffffff&#8220; button_two_text_color__hover_enabled=&#8220;off&#8220; button_one_border_width__hover_enabled=&#8220;off&#8220; button_two_border_width__hover_enabled=&#8220;off&#8220; button_one_border_color__hover_enabled=&#8220;on&#8220; button_one_border_color__hover=&#8220;#ffffff&#8220; button_two_border_color__hover_enabled=&#8220;off&#8220; button_one_border_radius__hover_enabled=&#8220;off&#8220; button_two_border_radius__hover_enabled=&#8220;off&#8220; button_one_letter_spacing__hover_enabled=&#8220;off&#8220; button_two_letter_spacing__hover_enabled=&#8220;off&#8220; button_one_bg_color__hover_enabled=&#8220;off&#8220; button_two_bg_color__hover_enabled=&#8220;off&#8220;]&nbsp;<br \/>\n[\/et_pb_fullwidth_header][\/et_pb_section]<\/p>\n","protected":false},"excerpt":{"rendered":"<p>&nbsp; CNC Drehen Unser Maschinenpark im Bereich CNC Drehen und Multitasking ist breit gef\u00e4chert, mit der Mazak INTEGREX E-650 H II als gr\u00f6\u00dfte Maschine. Die Maschinen decken Drehdurchmesser bis zu 920 mm und Drehl\u00e4nge bis zu 4.000 mm ab. &nbsp; CNC Fr\u00e4sen Beim Fr\u00e4sen k\u00f6nnen wir mit der AXA VHC 50-3000 M als fortschrittlichste Maschine [&hellip;]<\/p>\n","protected":false},"author":12,"featured_media":0,"parent":0,"menu_order":2,"comment_status":"open","ping_status":"open","template":"","meta":{"_et_pb_use_builder":"on","_et_pb_old_content":"<p>Dette er en eksempelside. Den er forskellig fra et indl\u00e6g, fordi den vil forblive det samme sted og v\u00e6re en del af dit websteds navigation (i de fleste temaer). De fleste vil l\u00e6gge ud med en Om-side, der pr\u00e6senterer dem for potentielle bes\u00f8gende. Ordlyden kunne v\u00e6re noget i retning af:<\/p><blockquote><p>Hejsa! Jeg er cykelbud om dagen, pr\u00f8ver at blive skuespiller om aftenen og dette er min blog. Jeg bor i K\u00f8benhavn, har en dejlig hund, der hedder King, og jeg kan lide Mojitos. (og at blive overrasket af regnvejr.)<\/p><\/blockquote><p>... eller noget i retning af:<\/p><blockquote><p>XYZ Dingenot fabrikken blev grundlagt i 1971 og har leveret kvalitetsdingenoter til offentligheden lige siden. Beliggende i Andeby, har 2.000 ansatte og bidrager med alverdens seje tiltag i lokalomr\u00e5det.<\/p><\/blockquote><p>Som ny WordPress bruger, b\u00f8r du g\u00e5 til <a href=\"http:\/\/standard.webudkast.dk\/wp-admin\/\">dit kontrolpanel<\/a> for at slette denne side og oprette nye sider til dit indhold. God forn\u00f8jelse!<\/p>","_et_gb_content_width":"","footnotes":""},"class_list":["post-632","page","type-page","status-publish","hentry"],"yoast_head":"<!-- This site is optimized with the Yoast SEO plugin v27.4 - https:\/\/yoast.com\/product\/yoast-seo-wordpress\/ -->\n<title>Startseite - Hein &amp; S\u00f8nner A\/S<\/title>\n<meta name=\"robots\" content=\"index, follow, max-snippet:-1, max-image-preview:large, max-video-preview:-1\" \/>\n<link rel=\"canonical\" href=\"https:\/\/www.hein-sonner.dk\/de\/\" \/>\n<meta property=\"og:locale\" content=\"de_DE\" \/>\n<meta property=\"og:type\" content=\"article\" \/>\n<meta property=\"og:title\" content=\"Startseite - Hein &amp; S\u00f8nner A\/S\" \/>\n<meta property=\"og:description\" content=\"&nbsp; CNC Drehen Unser Maschinenpark im Bereich CNC Drehen und Multitasking ist breit gef\u00e4chert, mit der Mazak INTEGREX E-650 H II als gr\u00f6\u00dfte Maschine. Die Maschinen decken Drehdurchmesser bis zu 920 mm und Drehl\u00e4nge bis zu 4.000 mm ab. &nbsp; CNC Fr\u00e4sen Beim Fr\u00e4sen k\u00f6nnen wir mit der AXA VHC 50-3000 M als fortschrittlichste Maschine [&hellip;]\" \/>\n<meta property=\"og:url\" content=\"https:\/\/www.hein-sonner.dk\/de\/\" \/>\n<meta property=\"og:site_name\" content=\"Hein &amp; S\u00f8nner A\/S\" \/>\n<meta property=\"article:modified_time\" content=\"2018-11-23T09:55:16+00:00\" \/>\n<meta name=\"twitter:card\" content=\"summary_large_image\" \/>\n<meta name=\"twitter:label1\" content=\"Gesch\u00e4tzte Lesezeit\" \/>\n\t<meta name=\"twitter:data1\" content=\"8\u00a0Minuten\" \/>\n<script type=\"application\/ld+json\" class=\"yoast-schema-graph\">{\"@context\":\"https:\\\/\\\/schema.org\",\"@graph\":[{\"@type\":\"WebPage\",\"@id\":\"https:\\\/\\\/www.hein-sonner.dk\\\/de\\\/\",\"url\":\"https:\\\/\\\/www.hein-sonner.dk\\\/de\\\/\",\"name\":\"Startseite - Hein &amp; S\u00f8nner A\\\/S\",\"isPartOf\":{\"@id\":\"https:\\\/\\\/www.hein-sonner.dk\\\/de\\\/#website\"},\"datePublished\":\"2015-06-11T12:22:26+00:00\",\"dateModified\":\"2018-11-23T09:55:16+00:00\",\"breadcrumb\":{\"@id\":\"https:\\\/\\\/www.hein-sonner.dk\\\/de\\\/#breadcrumb\"},\"inLanguage\":\"de\",\"potentialAction\":[{\"@type\":\"ReadAction\",\"target\":[\"https:\\\/\\\/www.hein-sonner.dk\\\/de\\\/\"]}]},{\"@type\":\"BreadcrumbList\",\"@id\":\"https:\\\/\\\/www.hein-sonner.dk\\\/de\\\/#breadcrumb\",\"itemListElement\":[{\"@type\":\"ListItem\",\"position\":1,\"name\":\"Hjem\",\"item\":\"https:\\\/\\\/www.hein-sonner.dk\\\/de\\\/\"},{\"@type\":\"ListItem\",\"position\":2,\"name\":\"Startseite\"}]},{\"@type\":\"WebSite\",\"@id\":\"https:\\\/\\\/www.hein-sonner.dk\\\/de\\\/#website\",\"url\":\"https:\\\/\\\/www.hein-sonner.dk\\\/de\\\/\",\"name\":\"Hein &amp; S\u00f8nner A\\\/S\",\"description\":\"\",\"potentialAction\":[{\"@type\":\"SearchAction\",\"target\":{\"@type\":\"EntryPoint\",\"urlTemplate\":\"https:\\\/\\\/www.hein-sonner.dk\\\/de\\\/?s={search_term_string}\"},\"query-input\":{\"@type\":\"PropertyValueSpecification\",\"valueRequired\":true,\"valueName\":\"search_term_string\"}}],\"inLanguage\":\"de\"}]}<\/script>\n<!-- \/ Yoast SEO plugin. -->","yoast_head_json":{"title":"Startseite - Hein &amp; S\u00f8nner A\/S","robots":{"index":"index","follow":"follow","max-snippet":"max-snippet:-1","max-image-preview":"max-image-preview:large","max-video-preview":"max-video-preview:-1"},"canonical":"https:\/\/www.hein-sonner.dk\/de\/","og_locale":"de_DE","og_type":"article","og_title":"Startseite - Hein &amp; S\u00f8nner A\/S","og_description":"&nbsp; CNC Drehen Unser Maschinenpark im Bereich CNC Drehen und Multitasking ist breit gef\u00e4chert, mit der Mazak INTEGREX E-650 H II als gr\u00f6\u00dfte Maschine. Die Maschinen decken Drehdurchmesser bis zu 920 mm und Drehl\u00e4nge bis zu 4.000 mm ab. &nbsp; CNC Fr\u00e4sen Beim Fr\u00e4sen k\u00f6nnen wir mit der AXA VHC 50-3000 M als fortschrittlichste Maschine [&hellip;]","og_url":"https:\/\/www.hein-sonner.dk\/de\/","og_site_name":"Hein &amp; S\u00f8nner A\/S","article_modified_time":"2018-11-23T09:55:16+00:00","twitter_card":"summary_large_image","twitter_misc":{"Gesch\u00e4tzte Lesezeit":"8\u00a0Minuten"},"schema":{"@context":"https:\/\/schema.org","@graph":[{"@type":"WebPage","@id":"https:\/\/www.hein-sonner.dk\/de\/","url":"https:\/\/www.hein-sonner.dk\/de\/","name":"Startseite - Hein &amp; S\u00f8nner A\/S","isPartOf":{"@id":"https:\/\/www.hein-sonner.dk\/de\/#website"},"datePublished":"2015-06-11T12:22:26+00:00","dateModified":"2018-11-23T09:55:16+00:00","breadcrumb":{"@id":"https:\/\/www.hein-sonner.dk\/de\/#breadcrumb"},"inLanguage":"de","potentialAction":[{"@type":"ReadAction","target":["https:\/\/www.hein-sonner.dk\/de\/"]}]},{"@type":"BreadcrumbList","@id":"https:\/\/www.hein-sonner.dk\/de\/#breadcrumb","itemListElement":[{"@type":"ListItem","position":1,"name":"Hjem","item":"https:\/\/www.hein-sonner.dk\/de\/"},{"@type":"ListItem","position":2,"name":"Startseite"}]},{"@type":"WebSite","@id":"https:\/\/www.hein-sonner.dk\/de\/#website","url":"https:\/\/www.hein-sonner.dk\/de\/","name":"Hein &amp; S\u00f8nner A\/S","description":"","potentialAction":[{"@type":"SearchAction","target":{"@type":"EntryPoint","urlTemplate":"https:\/\/www.hein-sonner.dk\/de\/?s={search_term_string}"},"query-input":{"@type":"PropertyValueSpecification","valueRequired":true,"valueName":"search_term_string"}}],"inLanguage":"de"}]}},"_links":{"self":[{"href":"https:\/\/www.hein-sonner.dk\/de\/wp-json\/wp\/v2\/pages\/632","targetHints":{"allow":["GET"]}}],"collection":[{"href":"https:\/\/www.hein-sonner.dk\/de\/wp-json\/wp\/v2\/pages"}],"about":[{"href":"https:\/\/www.hein-sonner.dk\/de\/wp-json\/wp\/v2\/types\/page"}],"author":[{"embeddable":true,"href":"https:\/\/www.hein-sonner.dk\/de\/wp-json\/wp\/v2\/users\/12"}],"replies":[{"embeddable":true,"href":"https:\/\/www.hein-sonner.dk\/de\/wp-json\/wp\/v2\/comments?post=632"}],"version-history":[{"count":6,"href":"https:\/\/www.hein-sonner.dk\/de\/wp-json\/wp\/v2\/pages\/632\/revisions"}],"predecessor-version":[{"id":1053,"href":"https:\/\/www.hein-sonner.dk\/de\/wp-json\/wp\/v2\/pages\/632\/revisions\/1053"}],"wp:attachment":[{"href":"https:\/\/www.hein-sonner.dk\/de\/wp-json\/wp\/v2\/media?parent=632"}],"curies":[{"name":"wp","href":"https:\/\/api.w.org\/{rel}","templated":true}]}}