{"id":170,"date":"2015-06-17T12:12:29","date_gmt":"2015-06-17T12:12:29","guid":{"rendered":"http:\/\/std.webudkast.dk\/vi-udfoerer\/toemrerarbejde\/"},"modified":"2021-04-13T08:43:50","modified_gmt":"2021-04-13T06:43:50","slug":"cnc-frasen","status":"publish","type":"page","link":"https:\/\/www.hein-sonner.dk\/de\/cnc-frasen\/","title":{"rendered":"CNC Fr\u00e4sen"},"content":{"rendered":"<p>[et_pb_section fb_built=&#8220;1&#8243; fullwidth=&#8220;on&#8220; _builder_version=&#8220;3.22&#8243;][et_pb_fullwidth_header title=&#8220;CNC Fr\u00e4sen&#8220; text_orientation=&#8220;center&#8220; background_overlay_color=&#8220;rgba(0,0,0,0.31)&#8220; _builder_version=&#8220;3.17.6&#8243; background_color=&#8220;rgba(255, 255, 255, 0)&#8220; background_image=&#8220;https:\/\/www.hein-sonner.dk\/deutsch\/wp-content\/uploads\/sites\/3\/2018\/03\/Fr\u00e6sning.jpg&#8220; custom_button_one=&#8220;on&#8220; button_one_text_color=&#8220;#ffffff&#8220; button_one_border_color=&#8220;#ffffff&#8220; button_one_icon_color=&#8220;#ffffff&#8220; custom_button_two=&#8220;on&#8220; button_two_text_color=&#8220;#ffffff&#8220; button_two_border_color=&#8220;#ffffff&#8220; button_two_icon_color=&#8220;#ffffff&#8220; max_width_tablet=&#8220;50px&#8220; custom_css_main_element=&#8220;padding-top:60px;||padding-bottom:60px;&#8220; custom_css_title=&#8220;text-shadow: 0 1px 3px rgba(0, 0, 0, 0.5);&#8220; button_one_text_color_hover=&#8220;#ffffff&#8220; button_two_text_color_hover=&#8220;#ffffff&#8220; button_one_border_color_hover=&#8220;#ffffff&#8220; button_two_border_color_hover=&#8220;#ffffff&#8220; saved_tabs=&#8220;advanced, css&#8220; button_one_text_size__hover_enabled=&#8220;off&#8220; button_two_text_size__hover_enabled=&#8220;off&#8220; button_one_text_color__hover_enabled=&#8220;on&#8220; button_one_text_color__hover=&#8220;#ffffff&#8220; button_two_text_color__hover_enabled=&#8220;on&#8220; button_two_text_color__hover=&#8220;#ffffff&#8220; button_one_border_width__hover_enabled=&#8220;off&#8220; button_two_border_width__hover_enabled=&#8220;off&#8220; button_one_border_color__hover_enabled=&#8220;on&#8220; button_one_border_color__hover=&#8220;#ffffff&#8220; button_two_border_color__hover_enabled=&#8220;on&#8220; button_two_border_color__hover=&#8220;#ffffff&#8220; button_one_border_radius__hover_enabled=&#8220;off&#8220; button_two_border_radius__hover_enabled=&#8220;off&#8220; button_one_letter_spacing__hover_enabled=&#8220;off&#8220; button_two_letter_spacing__hover_enabled=&#8220;off&#8220; button_one_bg_color__hover_enabled=&#8220;off&#8220; button_two_bg_color__hover_enabled=&#8220;off&#8220;][\/et_pb_fullwidth_header][\/et_pb_section][et_pb_section fb_built=&#8220;1&#8243; admin_label=&#8220;section&#8220; _builder_version=&#8220;3.22&#8243; background_color=&#8220;#ffffff&#8220;][et_pb_row admin_label=&#8220;row&#8220; _builder_version=&#8220;3.25&#8243; background_size=&#8220;initial&#8220; background_position=&#8220;top_left&#8220; background_repeat=&#8220;repeat&#8220; column_structure=&#8220;1_2,1_2&#8243;][et_pb_column type=&#8220;1_2&#8243; _builder_version=&#8220;3.25&#8243; custom_padding=&#8220;|||&#8220; custom_padding__hover=&#8220;|||&#8220;][et_pb_text _builder_version=&#8220;3.27.4&#8243; background_size=&#8220;initial&#8220; background_position=&#8220;top_left&#8220; background_repeat=&#8220;repeat&#8220; use_border_color=&#8220;off&#8220;]<\/p>\n<h2>CNC Fr\u00e4sen<\/h2>\n<p>Beim Fr\u00e4sen k\u00f6nnen wir mit der AXA VHC 50-3000 M als fortschrittlichste Maschine in einer Anordnung drehen und fr\u00e4sen, da diese Maschine mit einem 1.250 mm gro\u00dfen 35-kW-Drehtisch ausgestattet ist und somit Werkst\u00fccke bis zu 4 Tonnen und einem maximalen Durchmesser von 1.500 mm bearbeiten kann. Die Maschine ist mit 60 SK50-Fr\u00e4swerkzeuge und 18 Capto-Drehwerkzeuge ausgestattet, so dass selbst sehr komplizierte Werkst\u00fccke in einem Arbeitsgang fertiggestellt werden k\u00f6nnen.<\/p>\n<p>Die Maschine ist au\u00dferdem mit einer U-Achse mit lenkbarem Feinbohrkopf ausgestattet. Das bedeutet, dass Drehaufgaben horizontal ausgef\u00fchrt und vertikal zur Mitte verschoben werden k\u00f6nnen, w\u00e4hrend sich das Werkst\u00fcck in der Maschine befindet.<\/p>\n<p>Neben der FD-Maschine verf\u00fcgen wir \u00fcber eine Reihe von CNC-gesteuerten Fr\u00e4smaschinen, die 3-Achsen-Fr\u00e4sen bis zu 1.500 x 800 x 900 mm, sowie kleinere 4-AchsenTeile abdecken.<\/p>\n<p>Wir sind der richtige Partner f\u00fcr kleinerer Serien und Produktion von Einzelst\u00fccke, bei denen eine kurze Lieferzeit, Qualit\u00e4t und Flexibilit\u00e4t wichtige Parameter sind.<\/p>\n<p>[\/et_pb_text][\/et_pb_column][et_pb_column type=&#8220;1_2&#8243; _builder_version=&#8220;3.25&#8243; custom_padding=&#8220;|||&#8220; custom_padding__hover=&#8220;|||&#8220;][et_pb_gallery gallery_ids=&#8220;808&#8243; fullwidth=&#8220;on&#8220; _builder_version=&#8220;3.0.87&#8243; use_border_color=&#8220;off&#8220; border_color=&#8220;#ffffff&#8220; border_style=&#8220;solid&#8220;]&nbsp;<br \/>\n[\/et_pb_gallery][et_pb_cta title=&#8220;Kontaktieren Sie uns&#8220; button_url=&#8220;\/kontakt-os\/&#8220; button_text=&#8220;Rufen Sie an oder schreiben Sie uns!&#8220; disabled_on=&#8220;off|off|off&#8220; _builder_version=&#8220;4.6.6&#8243; background_size=&#8220;initial&#8220; background_position=&#8220;top_left&#8220; background_repeat=&#8220;repeat&#8220; custom_button=&#8220;on&#8220; button_text_color=&#8220;#ffffff&#8220; button_bg_color=&#8220;rgba(0,0,0,0)&#8220; button_border_color=&#8220;#ffffff&#8220; button_icon_color=&#8220;#ffffff&#8220; text_orientation=&#8220;left&#8220; hover_enabled=&#8220;0&#8243; use_border_color=&#8220;off&#8220; button_text_color_hover=&#8220;#ffffff&#8220; button_border_color_hover=&#8220;#ffffff&#8220; button_text_size__hover_enabled=&#8220;off&#8220; button_one_text_size__hover_enabled=&#8220;off&#8220; button_two_text_size__hover_enabled=&#8220;off&#8220; button_text_color__hover_enabled=&#8220;on&#8220; button_text_color__hover=&#8220;#ffffff&#8220; button_one_text_color__hover_enabled=&#8220;off&#8220; button_two_text_color__hover_enabled=&#8220;off&#8220; button_border_width__hover_enabled=&#8220;off&#8220; button_one_border_width__hover_enabled=&#8220;off&#8220; button_two_border_width__hover_enabled=&#8220;off&#8220; button_border_color__hover_enabled=&#8220;on&#8220; button_border_color__hover=&#8220;#ffffff&#8220; button_one_border_color__hover_enabled=&#8220;off&#8220; button_two_border_color__hover_enabled=&#8220;off&#8220; button_border_radius__hover_enabled=&#8220;off&#8220; button_one_border_radius__hover_enabled=&#8220;off&#8220; button_two_border_radius__hover_enabled=&#8220;off&#8220; button_letter_spacing__hover_enabled=&#8220;off&#8220; button_one_letter_spacing__hover_enabled=&#8220;off&#8220; button_two_letter_spacing__hover_enabled=&#8220;off&#8220; button_bg_color__hover_enabled=&#8220;off&#8220; button_one_bg_color__hover_enabled=&#8220;off&#8220; button_two_bg_color__hover_enabled=&#8220;off&#8220; sticky_enabled=&#8220;0&#8243;]<\/p>\n<p>Wollen Sie mehr \u00fcber Hein &amp; S\u00f8nner A\/S und unseren wettbewerbsf\u00e4higen Service erfahren, dann melden Sie sich bei Martin Stapelfeld oder Kurt Stilling unter<br \/> <strong>0045 86 42 92 66<\/strong>.<\/p>\n<p>[\/et_pb_cta][\/et_pb_column][\/et_pb_row][\/et_pb_section][et_pb_section fb_built=&#8220;1&#8243; inner_shadow=&#8220;on&#8220; _builder_version=&#8220;3.22&#8243; background_color=&#8220;#ededed&#8220;][et_pb_row _builder_version=&#8220;3.25&#8243; background_size=&#8220;initial&#8220; background_position=&#8220;top_left&#8220; background_repeat=&#8220;repeat&#8220; column_structure=&#8220;1_4,1_4,1_2&#8243;][et_pb_column type=&#8220;1_4&#8243; _builder_version=&#8220;3.25&#8243; custom_padding=&#8220;|||&#8220; custom_padding__hover=&#8220;|||&#8220;][et_pb_text _builder_version=&#8220;3.27.4&#8243; background_size=&#8220;initial&#8220; background_position=&#8220;top_left&#8220; background_repeat=&#8220;repeat&#8220; use_border_color=&#8220;off&#8220;]<\/p>\n<h2>MAZAK INTEGREX E-650 H II<\/h2>\n<h6>Axis X-Y-Z-B-C-W<\/h6>\n<p><strong>Turning:<\/strong><br \/> <strong>Max. Swing over bed:<\/strong>\u00a0920 mm<br \/> <strong>Max. turning diameter:<\/strong>\u00a0920 mm<br \/> <strong>Max. turning length:<\/strong>\u00a04000 mm<br \/> <strong>Max. spindle speed:<\/strong>\u00a01000 o\/min<br \/> <strong>Max. effect:<\/strong>\u00a06300 NM\/45 KW<\/p>\n<p><strong>Long Boringbar:<\/strong><br \/> \u00f8120&#215;1000<br \/> \u00f8100x ca. 800<br \/> \u00f880x ca. 900<br \/> Programmerbar pinoldok and goggle (\u00f8215-\u00f8510)<\/p>\n<p><strong>Milling:<\/strong><br \/> Fully 5 axis<br \/> <strong>XYZ:<\/strong>\u00a01025x650x4000 mm<br \/> <strong>C:<\/strong>\u00a0360 gr.<br \/> <strong>B:<\/strong>\u00a0240 gr (+210gr -30gr)<br \/> <strong>Max. spindle speed:<\/strong>\u00a05000 o\/min.<br \/> <strong>Max. effect:<\/strong>\u00a0550 NM\/37 KW<br \/><strong>Tools:<\/strong>\u00a080 stk. Capto C8<br \/> Renishaw RMP60<\/p>\n<p>&nbsp;<\/p>\n<p>[\/et_pb_text][\/et_pb_column][et_pb_column type=&#8220;1_4&#8243; _builder_version=&#8220;3.25&#8243; custom_padding=&#8220;|||&#8220; custom_padding__hover=&#8220;|||&#8220;][et_pb_text _builder_version=&#8220;3.27.4&#8243; background_size=&#8220;initial&#8220; background_position=&#8220;top_left&#8220; background_repeat=&#8220;repeat&#8220; use_border_color=&#8220;off&#8220; border_color=&#8220;#ffffff&#8220; border_style=&#8220;solid&#8220;]<\/p>\n<h2>AXA VHC 50-3000 M<\/h2>\n<h6>Axis X-Y-Z-B-C-U<\/h6>\n<p><strong>XYZ:\u00a0<\/strong>3000x900x1000 mm<br \/> <strong>C (Turning table \u00f81250):<\/strong> Fully controlled<br \/> <strong>B:<\/strong>\u00a0+- 90 grader<br \/> <strong>U axis:<\/strong>\u00a0+- 37,50 mm<br \/> <strong>Main spindle SK50:\u00a0<\/strong>57\u00a0KW \/ 540 NM<br \/> <strong>Turning table (spindle):\u00a0<\/strong>35 KW \/\u00a04700 NM<br \/> <strong>Max. turning: <\/strong>1500 mm<br \/><strong>Tools:\u00a0<\/strong>60 stk. SK50<br \/> <strong>Turning tool:\u00a0<\/strong>18 stk Capto<br \/> Renishaw RMP60<\/p>\n<p>[\/et_pb_text][et_pb_text _builder_version=&#8220;3.27.4&#8243; background_size=&#8220;initial&#8220; background_position=&#8220;top_left&#8220; background_repeat=&#8220;repeat&#8220; use_border_color=&#8220;off&#8220; border_color=&#8220;#ffffff&#8220; border_style=&#8220;solid&#8220;]<\/p>\n<h2>RAMBAUDI VERSAMILL 12<\/h2>\n<p><strong>Coordinate movements:<\/strong>\u00a01160x890x690 mm<br \/> &#8222;Read out&#8220; (Heidenhahn Digital)<\/p>\n<p>[\/et_pb_text][\/et_pb_column][et_pb_column type=&#8220;1_2&#8243; _builder_version=&#8220;3.25&#8243; custom_padding=&#8220;|||&#8220; custom_padding__hover=&#8220;|||&#8220;][et_pb_gallery gallery_ids=&#8220;810,811&#8243; fullwidth=&#8220;on&#8220; _builder_version=&#8220;3.0.87&#8243; background_layout=&#8220;dark&#8220; auto=&#8220;on&#8220; use_border_color=&#8220;off&#8220; border_color=&#8220;#ffffff&#8220; border_style=&#8220;solid&#8220;]&nbsp;<br \/>\n[\/et_pb_gallery][et_pb_gallery gallery_ids=&#8220;979&#8243; fullwidth=&#8220;on&#8220; _builder_version=&#8220;3.0.106&#8243; background_layout=&#8220;dark&#8220; auto=&#8220;on&#8220; pagination_font_size_tablet=&#8220;51&#8243; pagination_line_height_tablet=&#8220;2&#8243; use_border_color=&#8220;off&#8220;]&nbsp;<br \/>\n[\/et_pb_gallery][\/et_pb_column][\/et_pb_row][et_pb_row _builder_version=&#8220;3.25&#8243; background_size=&#8220;initial&#8220; background_position=&#8220;top_left&#8220; background_repeat=&#8220;repeat&#8220; column_structure=&#8220;1_4,1_4,1_2&#8243;][et_pb_column type=&#8220;1_4&#8243; _builder_version=&#8220;3.25&#8243; custom_padding=&#8220;|||&#8220; custom_padding__hover=&#8220;|||&#8220;][et_pb_text _builder_version=&#8220;3.27.4&#8243; background_size=&#8220;initial&#8220; background_position=&#8220;top_left&#8220; background_repeat=&#8220;repeat&#8220; use_border_color=&#8220;off&#8220;]<\/p>\n<h2>Kao Ming HV700<\/h2>\n<p><strong>Horizontal\/Vertical:<\/strong>\u00a01050x800x900 mm<br \/> <strong>Palette size:<\/strong>\u00a0700&#215;700 mm<br \/> <strong>Max. tool length:<\/strong>\u00a0380 mm<br \/> <b>Renishaw Probe:<\/b>\u00a060 v\u00e6rkt\u00f8jer<\/p>\n<p>&nbsp;<\/p>\n<p>[\/et_pb_text][et_pb_text _builder_version=&#8220;3.27.4&#8243; background_size=&#8220;initial&#8220; background_position=&#8220;top_left&#8220; background_repeat=&#8220;repeat&#8220; use_border_color=&#8220;off&#8220;]<\/p>\n<h2>Fadal VMC-4020<\/h2>\n<p><strong>Horizontal area:<\/strong>\u00a01016x508x508 mm<br \/> <b>Incl. 4 axis (turning table VH65)<\/b><\/p>\n<p>&nbsp;<\/p>\n<p>[\/et_pb_text][\/et_pb_column][et_pb_column type=&#8220;1_4&#8243; _builder_version=&#8220;3.25&#8243; custom_padding=&#8220;|||&#8220; custom_padding__hover=&#8220;|||&#8220;][et_pb_text _builder_version=&#8220;3.27.4&#8243; background_size=&#8220;initial&#8220; background_position=&#8220;top_left&#8220; background_repeat=&#8220;repeat&#8220; use_border_color=&#8220;off&#8220;]<\/p>\n<h2>Kao Ming 1500-V<\/h2>\n<p><strong>Vertical:<\/strong>\u00a01530x750x800 mm<br \/> <strong>Table size:<\/strong>\u00a01700&#215;750 mm<br \/> <strong>Max. tool length:<\/strong>\u00a0350 mm<br \/> <b>Renishaw Probe:<\/b>\u00a032 v\u00e6rkt\u00f8jer<br \/> <b>Incl. 4 axis:<\/b>\u00a0400 mm rundbord<\/p>\n<p>&nbsp;<\/p>\n<p>[\/et_pb_text][et_pb_text _builder_version=&#8220;3.27.4&#8243; background_size=&#8220;initial&#8220; background_position=&#8220;top_left&#8220; background_repeat=&#8220;repeat&#8220; use_border_color=&#8220;off&#8220;]<\/p>\n<h2>Chiron FZ 12<\/h2>\n<p><strong>Vertical area:<\/strong>\u00a0550x300x280 mm<\/p>\n<p>&nbsp;<\/p>\n<p>[\/et_pb_text][\/et_pb_column][et_pb_column type=&#8220;1_2&#8243; _builder_version=&#8220;3.25&#8243; custom_padding=&#8220;|||&#8220; custom_padding__hover=&#8220;|||&#8220;][et_pb_gallery gallery_ids=&#8220;981&#8243; fullwidth=&#8220;on&#8220; _builder_version=&#8220;3.0.106&#8243; background_layout=&#8220;dark&#8220; auto=&#8220;on&#8220; pagination_font_size_tablet=&#8220;51&#8243; pagination_line_height_tablet=&#8220;2&#8243; use_border_color=&#8220;off&#8220;]&nbsp;<br \/>\n[\/et_pb_gallery][\/et_pb_column][\/et_pb_row][\/et_pb_section]<\/p>\n","protected":false},"excerpt":{"rendered":"<p>CNC Fr\u00e4sen Beim Fr\u00e4sen k\u00f6nnen wir mit der AXA VHC 50-3000 M als fortschrittlichste Maschine in einer Anordnung drehen und fr\u00e4sen, da diese Maschine mit einem 1.250 mm gro\u00dfen 35-kW-Drehtisch ausgestattet ist und somit Werkst\u00fccke bis zu 4 Tonnen und einem maximalen Durchmesser von 1.500 mm bearbeiten kann. Die Maschine ist mit 60 SK50-Fr\u00e4swerkzeuge und [&hellip;]<\/p>\n","protected":false},"author":12,"featured_media":0,"parent":0,"menu_order":6,"comment_status":"open","ping_status":"open","template":"","meta":{"_et_pb_use_builder":"on","_et_pb_old_content":"","_et_gb_content_width":"","footnotes":""},"class_list":["post-170","page","type-page","status-publish","hentry"],"yoast_head":"<!-- This site is optimized with the Yoast SEO plugin v27.4 - https:\/\/yoast.com\/product\/yoast-seo-wordpress\/ -->\n<title>CNC Fr\u00e4sen - Hein &amp; S\u00f8nner A\/S<\/title>\n<meta name=\"robots\" content=\"index, follow, max-snippet:-1, max-image-preview:large, max-video-preview:-1\" \/>\n<link rel=\"canonical\" href=\"https:\/\/www.hein-sonner.dk\/de\/cnc-frasen\/\" \/>\n<meta property=\"og:locale\" content=\"de_DE\" \/>\n<meta property=\"og:type\" content=\"article\" \/>\n<meta property=\"og:title\" content=\"CNC Fr\u00e4sen - Hein &amp; S\u00f8nner A\/S\" \/>\n<meta property=\"og:description\" content=\"CNC Fr\u00e4sen Beim Fr\u00e4sen k\u00f6nnen wir mit der AXA VHC 50-3000 M als fortschrittlichste Maschine in einer Anordnung drehen und fr\u00e4sen, da diese Maschine mit einem 1.250 mm gro\u00dfen 35-kW-Drehtisch ausgestattet ist und somit Werkst\u00fccke bis zu 4 Tonnen und einem maximalen Durchmesser von 1.500 mm bearbeiten kann. Die Maschine ist mit 60 SK50-Fr\u00e4swerkzeuge und [&hellip;]\" \/>\n<meta property=\"og:url\" content=\"https:\/\/www.hein-sonner.dk\/de\/cnc-frasen\/\" \/>\n<meta property=\"og:site_name\" content=\"Hein &amp; S\u00f8nner A\/S\" \/>\n<meta property=\"article:modified_time\" content=\"2021-04-13T06:43:50+00:00\" \/>\n<meta name=\"twitter:card\" content=\"summary_large_image\" \/>\n<meta name=\"twitter:label1\" content=\"Gesch\u00e4tzte Lesezeit\" \/>\n\t<meta name=\"twitter:data1\" content=\"7\u00a0Minuten\" \/>\n<script type=\"application\/ld+json\" class=\"yoast-schema-graph\">{\"@context\":\"https:\\\/\\\/schema.org\",\"@graph\":[{\"@type\":\"WebPage\",\"@id\":\"https:\\\/\\\/www.hein-sonner.dk\\\/de\\\/cnc-frasen\\\/\",\"url\":\"https:\\\/\\\/www.hein-sonner.dk\\\/de\\\/cnc-frasen\\\/\",\"name\":\"CNC Fr\u00e4sen - Hein &amp; S\u00f8nner A\\\/S\",\"isPartOf\":{\"@id\":\"https:\\\/\\\/www.hein-sonner.dk\\\/de\\\/#website\"},\"datePublished\":\"2015-06-17T12:12:29+00:00\",\"dateModified\":\"2021-04-13T06:43:50+00:00\",\"breadcrumb\":{\"@id\":\"https:\\\/\\\/www.hein-sonner.dk\\\/de\\\/cnc-frasen\\\/#breadcrumb\"},\"inLanguage\":\"de\",\"potentialAction\":[{\"@type\":\"ReadAction\",\"target\":[\"https:\\\/\\\/www.hein-sonner.dk\\\/de\\\/cnc-frasen\\\/\"]}]},{\"@type\":\"BreadcrumbList\",\"@id\":\"https:\\\/\\\/www.hein-sonner.dk\\\/de\\\/cnc-frasen\\\/#breadcrumb\",\"itemListElement\":[{\"@type\":\"ListItem\",\"position\":1,\"name\":\"Hjem\",\"item\":\"https:\\\/\\\/www.hein-sonner.dk\\\/de\\\/\"},{\"@type\":\"ListItem\",\"position\":2,\"name\":\"CNC Fr\u00e4sen\"}]},{\"@type\":\"WebSite\",\"@id\":\"https:\\\/\\\/www.hein-sonner.dk\\\/de\\\/#website\",\"url\":\"https:\\\/\\\/www.hein-sonner.dk\\\/de\\\/\",\"name\":\"Hein &amp; S\u00f8nner A\\\/S\",\"description\":\"\",\"potentialAction\":[{\"@type\":\"SearchAction\",\"target\":{\"@type\":\"EntryPoint\",\"urlTemplate\":\"https:\\\/\\\/www.hein-sonner.dk\\\/de\\\/?s={search_term_string}\"},\"query-input\":{\"@type\":\"PropertyValueSpecification\",\"valueRequired\":true,\"valueName\":\"search_term_string\"}}],\"inLanguage\":\"de\"}]}<\/script>\n<!-- \/ Yoast SEO plugin. -->","yoast_head_json":{"title":"CNC Fr\u00e4sen - Hein &amp; S\u00f8nner A\/S","robots":{"index":"index","follow":"follow","max-snippet":"max-snippet:-1","max-image-preview":"max-image-preview:large","max-video-preview":"max-video-preview:-1"},"canonical":"https:\/\/www.hein-sonner.dk\/de\/cnc-frasen\/","og_locale":"de_DE","og_type":"article","og_title":"CNC Fr\u00e4sen - Hein &amp; S\u00f8nner A\/S","og_description":"CNC Fr\u00e4sen Beim Fr\u00e4sen k\u00f6nnen wir mit der AXA VHC 50-3000 M als fortschrittlichste Maschine in einer Anordnung drehen und fr\u00e4sen, da diese Maschine mit einem 1.250 mm gro\u00dfen 35-kW-Drehtisch ausgestattet ist und somit Werkst\u00fccke bis zu 4 Tonnen und einem maximalen Durchmesser von 1.500 mm bearbeiten kann. Die Maschine ist mit 60 SK50-Fr\u00e4swerkzeuge und [&hellip;]","og_url":"https:\/\/www.hein-sonner.dk\/de\/cnc-frasen\/","og_site_name":"Hein &amp; S\u00f8nner A\/S","article_modified_time":"2021-04-13T06:43:50+00:00","twitter_card":"summary_large_image","twitter_misc":{"Gesch\u00e4tzte Lesezeit":"7\u00a0Minuten"},"schema":{"@context":"https:\/\/schema.org","@graph":[{"@type":"WebPage","@id":"https:\/\/www.hein-sonner.dk\/de\/cnc-frasen\/","url":"https:\/\/www.hein-sonner.dk\/de\/cnc-frasen\/","name":"CNC Fr\u00e4sen - Hein &amp; S\u00f8nner A\/S","isPartOf":{"@id":"https:\/\/www.hein-sonner.dk\/de\/#website"},"datePublished":"2015-06-17T12:12:29+00:00","dateModified":"2021-04-13T06:43:50+00:00","breadcrumb":{"@id":"https:\/\/www.hein-sonner.dk\/de\/cnc-frasen\/#breadcrumb"},"inLanguage":"de","potentialAction":[{"@type":"ReadAction","target":["https:\/\/www.hein-sonner.dk\/de\/cnc-frasen\/"]}]},{"@type":"BreadcrumbList","@id":"https:\/\/www.hein-sonner.dk\/de\/cnc-frasen\/#breadcrumb","itemListElement":[{"@type":"ListItem","position":1,"name":"Hjem","item":"https:\/\/www.hein-sonner.dk\/de\/"},{"@type":"ListItem","position":2,"name":"CNC Fr\u00e4sen"}]},{"@type":"WebSite","@id":"https:\/\/www.hein-sonner.dk\/de\/#website","url":"https:\/\/www.hein-sonner.dk\/de\/","name":"Hein &amp; S\u00f8nner A\/S","description":"","potentialAction":[{"@type":"SearchAction","target":{"@type":"EntryPoint","urlTemplate":"https:\/\/www.hein-sonner.dk\/de\/?s={search_term_string}"},"query-input":{"@type":"PropertyValueSpecification","valueRequired":true,"valueName":"search_term_string"}}],"inLanguage":"de"}]}},"_links":{"self":[{"href":"https:\/\/www.hein-sonner.dk\/de\/wp-json\/wp\/v2\/pages\/170","targetHints":{"allow":["GET"]}}],"collection":[{"href":"https:\/\/www.hein-sonner.dk\/de\/wp-json\/wp\/v2\/pages"}],"about":[{"href":"https:\/\/www.hein-sonner.dk\/de\/wp-json\/wp\/v2\/types\/page"}],"author":[{"embeddable":true,"href":"https:\/\/www.hein-sonner.dk\/de\/wp-json\/wp\/v2\/users\/12"}],"replies":[{"embeddable":true,"href":"https:\/\/www.hein-sonner.dk\/de\/wp-json\/wp\/v2\/comments?post=170"}],"version-history":[{"count":6,"href":"https:\/\/www.hein-sonner.dk\/de\/wp-json\/wp\/v2\/pages\/170\/revisions"}],"predecessor-version":[{"id":1077,"href":"https:\/\/www.hein-sonner.dk\/de\/wp-json\/wp\/v2\/pages\/170\/revisions\/1077"}],"wp:attachment":[{"href":"https:\/\/www.hein-sonner.dk\/de\/wp-json\/wp\/v2\/media?parent=170"}],"curies":[{"name":"wp","href":"https:\/\/api.w.org\/{rel}","templated":true}]}}